{"id":2847,"date":"2023-06-07T08:23:29","date_gmt":"2023-06-07T08:23:29","guid":{"rendered":"https:\/\/saxl.it\/privacy-policy\/"},"modified":"2023-11-17T14:38:45","modified_gmt":"2023-11-17T14:38:45","slug":"privacy-policy","status":"publish","type":"page","link":"https:\/\/saxl.it\/it\/privacy-policy\/","title":{"rendered":"Privacy Policy"},"content":{"rendered":"[vc_row type=&#8221;full_width_background&#8221; full_screen_row_position=&#8221;middle&#8221; column_margin=&#8221;default&#8221; column_direction=&#8221;default&#8221; column_direction_tablet=&#8221;default&#8221; column_direction_phone=&#8221;default&#8221; scene_position=&#8221;center&#8221; top_padding=&#8221;5%&#8221; constrain_group_1=&#8221;yes&#8221; bottom_padding=&#8221;5%&#8221; text_color=&#8221;dark&#8221; text_align=&#8221;left&#8221; row_border_radius=&#8221;none&#8221; row_border_radius_applies=&#8221;bg&#8221; overflow=&#8221;visible&#8221; overlay_strength=&#8221;0.3&#8243; gradient_direction=&#8221;left_to_right&#8221; shape_divider_position=&#8221;bottom&#8221; bg_image_animation=&#8221;none&#8221; gradient_type=&#8221;default&#8221; shape_type=&#8221;&#8221;][vc_column column_padding=&#8221;no-extra-padding&#8221; column_padding_tablet=&#8221;inherit&#8221; column_padding_phone=&#8221;inherit&#8221; column_padding_position=&#8221;all&#8221; column_element_direction_desktop=&#8221;default&#8221; column_element_spacing=&#8221;default&#8221; desktop_text_alignment=&#8221;default&#8221; tablet_text_alignment=&#8221;default&#8221; phone_text_alignment=&#8221;default&#8221; background_color_opacity=&#8221;1&#8243; background_hover_color_opacity=&#8221;1&#8243; column_backdrop_filter=&#8221;none&#8221; column_shadow=&#8221;none&#8221; column_border_radius=&#8221;none&#8221; column_link_target=&#8221;_self&#8221; column_position=&#8221;default&#8221; gradient_direction=&#8221;left_to_right&#8221; overlay_strength=&#8221;0.3&#8243; width=&#8221;1\/1&#8243; tablet_width_inherit=&#8221;default&#8221; animation_type=&#8221;default&#8221; bg_image_animation=&#8221;none&#8221; border_type=&#8221;simple&#8221; column_border_width=&#8221;none&#8221; column_border_style=&#8221;solid&#8221;][vc_column_text]\n<h1>Informativa sulla privacy<\/h1>\n<p>La presente informativa sulla privacy descrive come Hotel Saxl Srl, con sede legale in Via Brennero 5, 39040 &#8211; Campo di Trens, tratta e protegge i dati personali degli utenti che visitano il nostro sito web. L&#8217;informativa si applica esclusivamente alle informazioni raccolte attraverso il nostro sito web e non si estende ad altre fonti.<\/p>\n<ol>\n<li>Raccolta dei dati personali Raccogliamo diversi tipi di dati personali degli utenti, inclusi nome, indirizzo email, numero di telefono e altre informazioni pertinenti, solo quando tali informazioni ci vengono fornite volontariamente dagli utenti attraverso moduli di contatto, prenotazioni o altri mezzi di comunicazione presenti sul nostro sito web.<\/li>\n<li>Utilizzo dei dati personali Utilizziamo i dati personali degli utenti per fornire informazioni, rispondere alle richieste e alle prenotazioni, migliorare i nostri servizi, nonch\u00e9 per finalit\u00e0 amministrative o legali. Tuttavia, Hotel Saxl Srl non effettua attivit\u00e0 di profilazione degli utenti.<\/li>\n<li>Conservazione dei dati personali I dati personali degli utenti saranno conservati solo per il tempo necessario per adempiere alle finalit\u00e0 per le quali sono stati raccolti, a meno che non sia richiesto o consentito dalla legge conservarli per un periodo pi\u00f9 lungo.<\/li>\n<li>Sicurezza dei dati personali Adottiamo adeguate misure di sicurezza tecniche, amministrative e fisiche per proteggere i dati personali degli utenti da accessi non autorizzati, modifiche, divulgazioni o distruzioni. Tuttavia, non possiamo garantire la sicurezza completa dei dati trasmessi attraverso Internet.<\/li>\n<li>Condivisione dei dati personali Non vendiamo, commercializziamo o trasferiamo i dati personali degli utenti a terze parti, a meno che non sia richiesto per legge o autorizzato dall&#8217;utente stesso. Tuttavia, potremmo condividere tali informazioni con fornitori di servizi di fiducia che ci assistono nell&#8217;operare il nostro sito web e nel fornire i servizi richiesti dagli utenti.<\/li>\n<li>Cookie e tecnologie simili Il nostro sito web utilizza esclusivamente cookie tecnici, che sono necessari per il funzionamento del sito stesso e non vengono utilizzati per scopi di profilazione degli utenti. Questi cookie tecnici consentono di migliorare l&#8217;esperienza degli utenti, raccogliere dati demografici e di utilizzo e analizzare il traffico sul sito.<\/li>\n<li>Diritti degli utenti Gli utenti hanno il diritto di accedere, modificare, correggere o eliminare i propri dati personali in qualsiasi momento. Possono anche opporsi all&#8217;elaborazione dei dati personali o richiedere la limitazione del trattamento, sempre che ci\u00f2 non pregiudichi il rispetto delle obbligazioni legali o contrattuali. Gli utenti possono esercitare tali diritti contattandoci tramite le informazioni di contatto fornite di seguito.<\/li>\n<li>Modifiche all&#8217;informativa sulla privacy Ci riserviamo il diritto di apportare modifiche a questa informativa sulla privacy periodicamente. Le modifiche saranno pubblicate sul nostro sito web e l&#8217;uso continuato del sito da parte degli utenti costituir\u00e0 l&#8217;accettazione di tali modifiche.<\/li>\n<li>Contatti Per ulteriori informazioni, richieste o domande riguardanti questa informativa sulla privacy, gli utenti possono contattarci utilizzando i seguenti dettagli di contatto:<\/li>\n<\/ol>\n<p>Hotel Saxl Srl Via Brennero 5 39040 &#8211; Campo di Trens Email: <a href=\"mailto:info@hotelsaxl.com\" target=\"_new\" rel=\"noopener\">info@hotelsaxl.com<\/a> Telefono: +39 123456789[\/vc_column_text][\/vc_column][\/vc_row]\n","protected":false},"excerpt":{"rendered":"<p>[vc_row type=&#8221;full_width_background&#8221; full_screen_row_position=&#8221;middle&#8221; column_margin=&#8221;default&#8221; column_direction=&#8221;default&#8221; column_direction_tablet=&#8221;default&#8221; column_direction_phone=&#8221;default&#8221; scene_position=&#8221;center&#8221; top_padding=&#8221;5%&#8221; constrain_group_1=&#8221;yes&#8221; bottom_padding=&#8221;5%&#8221; text_color=&#8221;dark&#8221; text_align=&#8221;left&#8221; row_border_radius=&#8221;none&#8221; row_border_radius_applies=&#8221;bg&#8221; overflow=&#8221;visible&#8221; overlay_strength=&#8221;0.3&#8243; gradient_direction=&#8221;left_to_right&#8221; shape_divider_position=&#8221;bottom&#8221; bg_image_animation=&#8221;none&#8221; gradient_type=&#8221;default&#8221; shape_type=&#8221;&#8221;][vc_column column_padding=&#8221;no-extra-padding&#8221; column_padding_tablet=&#8221;inherit&#8221; column_padding_phone=&#8221;inherit&#8221; column_padding_position=&#8221;all&#8221; column_element_direction_desktop=&#8221;default&#8221; column_element_spacing=&#8221;default&#8221; desktop_text_alignment=&#8221;default&#8221; tablet_text_alignment=&#8221;default&#8221; phone_text_alignment=&#8221;default&#8221; background_color_opacity=&#8221;1&#8243; background_hover_color_opacity=&#8221;1&#8243; column_backdrop_filter=&#8221;none&#8221; column_shadow=&#8221;none&#8221; column_border_radius=&#8221;none&#8221; column_link_target=&#8221;_self&#8221; column_position=&#8221;default&#8221; gradient_direction=&#8221;left_to_right&#8221; overlay_strength=&#8221;0.3&#8243;&#8230;<\/p>\n","protected":false},"author":1,"featured_media":0,"parent":0,"menu_order":0,"comment_status":"closed","ping_status":"closed","template":"","meta":{"footnotes":""},"class_list":["post-2847","page","type-page","status-publish"],"_links":{"self":[{"href":"https:\/\/saxl.it\/it\/wp-json\/wp\/v2\/pages\/2847","targetHints":{"allow":["GET"]}}],"collection":[{"href":"https:\/\/saxl.it\/it\/wp-json\/wp\/v2\/pages"}],"about":[{"href":"https:\/\/saxl.it\/it\/wp-json\/wp\/v2\/types\/page"}],"author":[{"embeddable":true,"href":"https:\/\/saxl.it\/it\/wp-json\/wp\/v2\/users\/1"}],"replies":[{"embeddable":true,"href":"https:\/\/saxl.it\/it\/wp-json\/wp\/v2\/comments?post=2847"}],"version-history":[{"count":1,"href":"https:\/\/saxl.it\/it\/wp-json\/wp\/v2\/pages\/2847\/revisions"}],"predecessor-version":[{"id":2848,"href":"https:\/\/saxl.it\/it\/wp-json\/wp\/v2\/pages\/2847\/revisions\/2848"}],"wp:attachment":[{"href":"https:\/\/saxl.it\/it\/wp-json\/wp\/v2\/media?parent=2847"}],"curies":[{"name":"wp","href":"https:\/\/api.w.org\/{rel}","templated":true}]}}