{"id":2846,"date":"2023-06-07T08:23:29","date_gmt":"2023-06-07T08:23:29","guid":{"rendered":"https:\/\/saxl.it\/privacy-policy\/"},"modified":"2023-11-17T14:40:06","modified_gmt":"2023-11-17T14:40:06","slug":"privacy-policy","status":"publish","type":"page","link":"https:\/\/saxl.it\/fr\/privacy-policy\/","title":{"rendered":"Privacy Policy"},"content":{"rendered":"[vc_row type=\u00a0\u00bbfull_width_background\u00a0\u00bb full_screen_row_position=\u00a0\u00bbmiddle\u00a0\u00bb column_margin=\u00a0\u00bbdefault\u00a0\u00bb column_direction=\u00a0\u00bbdefault\u00a0\u00bb column_direction_tablet=\u00a0\u00bbdefault\u00a0\u00bb column_direction_phone=\u00a0\u00bbdefault\u00a0\u00bb scene_position=\u00a0\u00bbcenter\u00a0\u00bb top_padding=\u00a0\u00bb5%\u00a0\u00bb constrain_group_1=\u00a0\u00bbyes\u00a0\u00bb bottom_padding=\u00a0\u00bb5%\u00a0\u00bb text_color=\u00a0\u00bbdark\u00a0\u00bb text_align=\u00a0\u00bbleft\u00a0\u00bb row_border_radius=\u00a0\u00bbnone\u00a0\u00bb row_border_radius_applies=\u00a0\u00bbbg\u00a0\u00bb overflow=\u00a0\u00bbvisible\u00a0\u00bb overlay_strength=\u00a0\u00bb0.3&Prime; gradient_direction=\u00a0\u00bbleft_to_right\u00a0\u00bb shape_divider_position=\u00a0\u00bbbottom\u00a0\u00bb bg_image_animation=\u00a0\u00bbnone\u00a0\u00bb gradient_type=\u00a0\u00bbdefault\u00a0\u00bb shape_type=\u00a0\u00bb\u00a0\u00bb][vc_column column_padding=\u00a0\u00bbno-extra-padding\u00a0\u00bb column_padding_tablet=\u00a0\u00bbinherit\u00a0\u00bb column_padding_phone=\u00a0\u00bbinherit\u00a0\u00bb column_padding_position=\u00a0\u00bball\u00a0\u00bb column_element_direction_desktop=\u00a0\u00bbdefault\u00a0\u00bb column_element_spacing=\u00a0\u00bbdefault\u00a0\u00bb desktop_text_alignment=\u00a0\u00bbdefault\u00a0\u00bb tablet_text_alignment=\u00a0\u00bbdefault\u00a0\u00bb phone_text_alignment=\u00a0\u00bbdefault\u00a0\u00bb background_color_opacity=\u00a0\u00bb1&Prime; background_hover_color_opacity=\u00a0\u00bb1&Prime; column_backdrop_filter=\u00a0\u00bbnone\u00a0\u00bb column_shadow=\u00a0\u00bbnone\u00a0\u00bb column_border_radius=\u00a0\u00bbnone\u00a0\u00bb column_link_target=\u00a0\u00bb_self\u00a0\u00bb column_position=\u00a0\u00bbdefault\u00a0\u00bb gradient_direction=\u00a0\u00bbleft_to_right\u00a0\u00bb overlay_strength=\u00a0\u00bb0.3&Prime; width=\u00a0\u00bb1\/1&Prime; tablet_width_inherit=\u00a0\u00bbdefault\u00a0\u00bb animation_type=\u00a0\u00bbdefault\u00a0\u00bb bg_image_animation=\u00a0\u00bbnone\u00a0\u00bb border_type=\u00a0\u00bbsimple\u00a0\u00bb column_border_width=\u00a0\u00bbnone\u00a0\u00bb column_border_style=\u00a0\u00bbsolid\u00a0\u00bb][vc_column_text]\n<h1>Politique de confidentialit\u00e9<\/h1>\n<p>Cette politique de confidentialit\u00e9 d\u00e9crit comment Hotel Saxl Srl, situ\u00e9 au Via Brennero 5, 39040 &#8211; Campo di Trens, traite et prot\u00e8ge les donn\u00e9es personnelles des utilisateurs qui visitent notre site Web. Cette politique s&rsquo;applique uniquement aux informations collect\u00e9es via notre site Web et ne s&rsquo;\u00e9tend pas \u00e0 d&rsquo;autres sources.<\/p>\n<ol>\n<li>Collecte des donn\u00e9es personnelles Nous collectons diff\u00e9rents types de donn\u00e9es personnelles des utilisateurs, y compris le nom, l&rsquo;adresse e-mail, le num\u00e9ro de t\u00e9l\u00e9phone et d&rsquo;autres informations pertinentes, uniquement lorsque ces informations nous sont volontairement fournies par les utilisateurs via des formulaires de contact, des r\u00e9servations ou d&rsquo;autres moyens de communication sur notre site Web.<\/li>\n<li>Utilisation des donn\u00e9es personnelles Nous utilisons les donn\u00e9es personnelles des utilisateurs pour fournir des informations, r\u00e9pondre aux demandes et aux r\u00e9servations, am\u00e9liorer nos services, ainsi qu&rsquo;\u00e0 des fins administratives ou l\u00e9gales. Cependant, Hotel Saxl Srl ne r\u00e9alise pas de profilage des utilisateurs.<\/li>\n<li>Conservation des donn\u00e9es personnelles Les donn\u00e9es personnelles des utilisateurs seront conserv\u00e9es uniquement pendant le temps n\u00e9cessaire pour atteindre les fins pour lesquelles elles ont \u00e9t\u00e9 collect\u00e9es, sauf si la loi exige ou autorise leur conservation pendant une p\u00e9riode plus longue.<\/li>\n<li>S\u00e9curit\u00e9 des donn\u00e9es personnelles Nous adoptons des mesures de s\u00e9curit\u00e9 techniques, administratives et physiques appropri\u00e9es pour prot\u00e9ger les donn\u00e9es personnelles des utilisateurs contre les acc\u00e8s non autoris\u00e9s, les modifications, les divulgations ou les destructions. Cependant, nous ne pouvons pas garantir la s\u00e9curit\u00e9 compl\u00e8te des donn\u00e9es transmises via Internet.<\/li>\n<li>Partage des donn\u00e9es personnelles Nous ne vendons, n&rsquo;\u00e9changeons ni ne transf\u00e9rons les donn\u00e9es personnelles des utilisateurs \u00e0 des tiers, sauf si cela est requis par la loi ou autoris\u00e9 par l&rsquo;utilisateur lui-m\u00eame. Cependant, nous pouvons partager ces informations avec des prestataires de services de confiance qui nous aident \u00e0 exploiter notre site Web et \u00e0 fournir les services demand\u00e9s par les utilisateurs.<\/li>\n<li>Cookies et technologies similaires Notre site Web utilise exclusivement des cookies techniques, qui sont n\u00e9cessaires au fonctionnement du site lui-m\u00eame et ne sont pas utilis\u00e9s \u00e0 des fins de profilage des utilisateurs. Ces cookies techniques permettent d&rsquo;am\u00e9liorer l&rsquo;exp\u00e9rience des utilisateurs, de collecter des donn\u00e9es d\u00e9mographiques et d&rsquo;utilisation et d&rsquo;analyser le trafic sur le site.<\/li>\n<li>Droits des utilisateurs Les utilisateurs ont le droit d&rsquo;acc\u00e9der, de modifier, de corriger ou de supprimer leurs donn\u00e9es personnelles \u00e0 tout moment. Ils peuvent \u00e9galement s&rsquo;opposer au traitement de leurs donn\u00e9es personnelles ou demander une limitation du traitement, \u00e0 condition que cela n&rsquo;entrave pas le respect des obligations l\u00e9gales ou contractuelles. Les utilisateurs peuvent exercer ces droits en nous contactant via les informations de contact fournies ci-dessous.<\/li>\n<li>Modifications de la politique de confidentialit\u00e9 Nous nous r\u00e9servons le droit d&rsquo;apporter des modifications \u00e0 cette politique de confidentialit\u00e9 p\u00e9riodiquement. Les modifications seront publi\u00e9es sur notre site Web et l&rsquo;utilisation continue du site par les utilisateurs constituera l&rsquo;acceptation de ces modifications.<\/li>\n<li>Contacts Pour plus d&rsquo;informations, demandes ou questions concernant cette politique de confidentialit\u00e9, les utilisateurs peuvent nous contacter en utilisant les d\u00e9tails de contact suivants:<\/li>\n<\/ol>\n<p>Hotel Saxl Srl Via Brennero 5 39040 &#8211; Campo di Trens Email: <a href=\"mailto:info@hotelsaxl.com\" target=\"_new\" rel=\"noopener\">info@hotelsaxl.com<\/a> T\u00e9l\u00e9phone: +39 123456789<br \/>\n[\/vc_column_text][\/vc_column][\/vc_row]\n","protected":false},"excerpt":{"rendered":"<p>[vc_row type=\u00a0\u00bbfull_width_background\u00a0\u00bb full_screen_row_position=\u00a0\u00bbmiddle\u00a0\u00bb column_margin=\u00a0\u00bbdefault\u00a0\u00bb column_direction=\u00a0\u00bbdefault\u00a0\u00bb column_direction_tablet=\u00a0\u00bbdefault\u00a0\u00bb column_direction_phone=\u00a0\u00bbdefault\u00a0\u00bb scene_position=\u00a0\u00bbcenter\u00a0\u00bb top_padding=\u00a0\u00bb5%\u00a0\u00bb constrain_group_1=\u00a0\u00bbyes\u00a0\u00bb bottom_padding=\u00a0\u00bb5%\u00a0\u00bb text_color=\u00a0\u00bbdark\u00a0\u00bb text_align=\u00a0\u00bbleft\u00a0\u00bb row_border_radius=\u00a0\u00bbnone\u00a0\u00bb row_border_radius_applies=\u00a0\u00bbbg\u00a0\u00bb overflow=\u00a0\u00bbvisible\u00a0\u00bb overlay_strength=\u00a0\u00bb0.3&Prime; gradient_direction=\u00a0\u00bbleft_to_right\u00a0\u00bb shape_divider_position=\u00a0\u00bbbottom\u00a0\u00bb bg_image_animation=\u00a0\u00bbnone\u00a0\u00bb gradient_type=\u00a0\u00bbdefault\u00a0\u00bb shape_type=\u00a0\u00bb\u00a0\u00bb][vc_column column_padding=\u00a0\u00bbno-extra-padding\u00a0\u00bb column_padding_tablet=\u00a0\u00bbinherit\u00a0\u00bb column_padding_phone=\u00a0\u00bbinherit\u00a0\u00bb column_padding_position=\u00a0\u00bball\u00a0\u00bb column_element_direction_desktop=\u00a0\u00bbdefault\u00a0\u00bb column_element_spacing=\u00a0\u00bbdefault\u00a0\u00bb desktop_text_alignment=\u00a0\u00bbdefault\u00a0\u00bb tablet_text_alignment=\u00a0\u00bbdefault\u00a0\u00bb phone_text_alignment=\u00a0\u00bbdefault\u00a0\u00bb background_color_opacity=\u00a0\u00bb1&Prime; background_hover_color_opacity=\u00a0\u00bb1&Prime; column_backdrop_filter=\u00a0\u00bbnone\u00a0\u00bb column_shadow=\u00a0\u00bbnone\u00a0\u00bb column_border_radius=\u00a0\u00bbnone\u00a0\u00bb column_link_target=\u00a0\u00bb_self\u00a0\u00bb column_position=\u00a0\u00bbdefault\u00a0\u00bb gradient_direction=\u00a0\u00bbleft_to_right\u00a0\u00bb overlay_strength=\u00a0\u00bb0.3&Prime;&#8230;<\/p>\n","protected":false},"author":1,"featured_media":0,"parent":0,"menu_order":0,"comment_status":"closed","ping_status":"closed","template":"","meta":{"footnotes":""},"class_list":["post-2846","page","type-page","status-publish"],"_links":{"self":[{"href":"https:\/\/saxl.it\/fr\/wp-json\/wp\/v2\/pages\/2846","targetHints":{"allow":["GET"]}}],"collection":[{"href":"https:\/\/saxl.it\/fr\/wp-json\/wp\/v2\/pages"}],"about":[{"href":"https:\/\/saxl.it\/fr\/wp-json\/wp\/v2\/types\/page"}],"author":[{"embeddable":true,"href":"https:\/\/saxl.it\/fr\/wp-json\/wp\/v2\/users\/1"}],"replies":[{"embeddable":true,"href":"https:\/\/saxl.it\/fr\/wp-json\/wp\/v2\/comments?post=2846"}],"version-history":[{"count":1,"href":"https:\/\/saxl.it\/fr\/wp-json\/wp\/v2\/pages\/2846\/revisions"}],"predecessor-version":[{"id":2849,"href":"https:\/\/saxl.it\/fr\/wp-json\/wp\/v2\/pages\/2846\/revisions\/2849"}],"wp:attachment":[{"href":"https:\/\/saxl.it\/fr\/wp-json\/wp\/v2\/media?parent=2846"}],"curies":[{"name":"wp","href":"https:\/\/api.w.org\/{rel}","templated":true}]}}